{"id":312,"date":"2025-11-09T16:06:37","date_gmt":"2025-11-09T16:06:37","guid":{"rendered":"https:\/\/inezita.pt\/?page_id=312"},"modified":"2025-12-01T11:06:57","modified_gmt":"2025-12-01T11:06:57","slug":"return","status":"publish","type":"page","link":"https:\/\/inezita.pt\/pt\/return\/","title":{"rendered":"Devolu\u00e7\u00f5es e trocas"},"content":{"rendered":"<div data-elementor-type=\"wp-page\" data-elementor-id=\"312\" class=\"elementor elementor-312\" data-elementor-post-type=\"page\">\n\t\t\t\t<div class=\"elementor-element elementor-element-79fd8045 e-flex e-con-boxed e-con e-parent\" data-id=\"79fd8045\" data-element_type=\"container\" data-e-type=\"container\">\n\t\t\t\t\t<div class=\"e-con-inner\">\n\t\t\t\t<div class=\"elementor-element elementor-element-8d09a0a elementor-widget elementor-widget-text-editor\" data-id=\"8d09a0a\" data-element_type=\"widget\" data-e-type=\"widget\" data-widget_type=\"text-editor.default\">\n\t\t\t\t\t\t\t\t\t\n<p>As devolu\u00e7\u00f5es devem ser validadas pela nossa equipa de apoio ao cliente. Todas as devolu\u00e7\u00f5es devem ser enviadas na embalagem original, tal como recebidas.<\/p>\n\t\t\t\t\t\t\t\t<\/div>\n\t\t\t\t\t<\/div>\n\t\t\t\t<\/div>\n\t\t<div class=\"elementor-element elementor-element-04e44c4 e-flex e-con-boxed e-con e-parent\" data-id=\"04e44c4\" data-element_type=\"container\" data-e-type=\"container\">\n\t\t\t\t\t<div class=\"e-con-inner\">\n\t\t\t\t<div class=\"elementor-element elementor-element-b5f2afb elementor-widget elementor-widget-bew-elements-contact-form-7\" data-id=\"b5f2afb\" data-element_type=\"widget\" data-e-type=\"widget\" data-widget_type=\"bew-elements-contact-form-7.default\">\n\t\t\t\t<div class=\"elementor-widget-container\">\n\t\t\t\t\t\t\t\t<section class=\"bew-elements-widgets bew-elements-contact-forms bew-show-label\">\n\t\t\t\t\n<div class=\"wpcf7 no-js\" id=\"wpcf7-f368-o1\" lang=\"en-US\" dir=\"ltr\" data-wpcf7-id=\"368\">\n<div class=\"screen-reader-response\"><p role=\"status\" aria-live=\"polite\" aria-atomic=\"true\"><\/p> <ul><\/ul><\/div>\n<form action=\"\/pt\/wp-json\/wp\/v2\/pages\/312#wpcf7-f368-o1\" method=\"post\" class=\"wpcf7-form init\" aria-label=\"Contact form\" novalidate=\"novalidate\" data-status=\"init\" data-trp-original-action=\"\/pt\/wp-json\/wp\/v2\/pages\/312#wpcf7-f368-o1\">\n<fieldset class=\"hidden-fields-container\"><input type=\"hidden\" name=\"_wpcf7\" value=\"368\" \/><input type=\"hidden\" name=\"_wpcf7_version\" value=\"6.1.5\" \/><input type=\"hidden\" name=\"_wpcf7_locale\" value=\"en_US\" \/><input type=\"hidden\" name=\"_wpcf7_unit_tag\" value=\"wpcf7-f368-o1\" \/><input type=\"hidden\" name=\"_wpcf7_container_post\" value=\"0\" \/><input type=\"hidden\" name=\"_wpcf7_posted_data_hash\" value=\"\" \/>\n<\/fieldset>\n<p><label> O seu nome<br \/>\n<span class=\"wpcf7-form-control-wrap\" data-name=\"your-name\"><input size=\"40\" maxlength=\"400\" class=\"wpcf7-form-control wpcf7-text wpcf7-validates-as-required\" autocomplete=\"name\" aria-required=\"true\" aria-invalid=\"false\" value=\"\" type=\"text\" name=\"your-name\" \/><\/span> <\/label>\n<\/p>\n<p><label> O seu endere\u00e7o de email<br \/>\n<span class=\"wpcf7-form-control-wrap\" data-name=\"your-email\"><input size=\"40\" maxlength=\"400\" class=\"wpcf7-form-control wpcf7-email wpcf7-validates-as-required wpcf7-text wpcf7-validates-as-email\" autocomplete=\"email\" aria-required=\"true\" aria-invalid=\"false\" value=\"\" type=\"email\" name=\"your-email\" \/><\/span> <\/label>\n<\/p>\n<p><label> O seu n\u00famero de pedido<br \/>\n<span class=\"wpcf7-form-control-wrap\" data-name=\"your-order-id\"><input size=\"40\" maxlength=\"400\" class=\"wpcf7-form-control wpcf7-text wpcf7-validates-as-required\" aria-required=\"true\" aria-invalid=\"false\" value=\"\" type=\"text\" name=\"your-order-id\" \/><\/span> <\/label>\n<\/p>\n<p><input class=\"wpcf7-form-control wpcf7-submit has-spinner\" type=\"submit\" value=\"Enviar\" \/>\n<\/p><div class=\"wpcf7-response-output\" aria-hidden=\"true\"><\/div>\n<input type=\"hidden\" name=\"trp-form-language\" value=\"pt\"\/><\/form>\n<\/div>\n\t    \t<\/section>\n\t\t\t\t\t\t<\/div>\n\t\t\t\t<\/div>\n\t\t\t\t\t<\/div>\n\t\t\t\t<\/div>\n\t\t\t\t<\/div>","protected":false},"excerpt":{"rendered":"<p>Returns must be validated by our customer support team. All returns must be sent with the original packaging as received. Your name Your email Your order id<\/p>","protected":false},"author":1,"featured_media":0,"parent":0,"menu_order":0,"comment_status":"closed","ping_status":"closed","template":"","meta":{"iawp_total_views":0,"_joinchat":[],"footnotes":""},"class_list":["post-312","page","type-page","status-publish","hentry"],"yoast_head":"<!-- This site is optimized with the Yoast SEO Premium plugin v26.5 (Yoast SEO v27.2) - https:\/\/yoast.com\/product\/yoast-seo-premium-wordpress\/ -->\n<title>Returns &amp; Exchanges - inezita<\/title>\n<meta name=\"robots\" content=\"index, follow, max-snippet:-1, max-image-preview:large, max-video-preview:-1\" \/>\n<link rel=\"canonical\" href=\"https:\/\/inezita.pt\/pt\/return\/\" \/>\n<meta property=\"og:locale\" content=\"pt_PT\" \/>\n<meta property=\"og:type\" content=\"article\" \/>\n<meta property=\"og:title\" content=\"Returns &amp; Exchanges\" \/>\n<meta property=\"og:description\" content=\"Returns must be validated by our customer support team. All returns must be sent with the original packaging as received. Your name Your email Your order id\" \/>\n<meta property=\"og:url\" content=\"https:\/\/inezita.pt\/pt\/return\/\" \/>\n<meta property=\"og:site_name\" content=\"inezita\" \/>\n<meta property=\"article:modified_time\" content=\"2025-12-01T11:06:57+00:00\" \/>\n<meta name=\"twitter:card\" content=\"summary_large_image\" \/>\n<script type=\"application\/ld+json\" class=\"yoast-schema-graph\">{\"@context\":\"https:\/\/schema.org\",\"@graph\":[{\"@type\":\"WebPage\",\"@id\":\"https:\/\/inezita.pt\/es\/return\/\",\"url\":\"https:\/\/inezita.pt\/es\/return\/\",\"name\":\"Returns &amp; Exchanges - inezita\",\"isPartOf\":{\"@id\":\"http:\/\/inezita.pt\/en\/#website\"},\"datePublished\":\"2025-11-09T16:06:37+00:00\",\"dateModified\":\"2025-12-01T11:06:57+00:00\",\"breadcrumb\":{\"@id\":\"https:\/\/inezita.pt\/es\/return\/#breadcrumb\"},\"inLanguage\":\"pt-PT\",\"potentialAction\":[{\"@type\":\"ReadAction\",\"target\":[\"https:\/\/inezita.pt\/es\/return\/\"]}]},{\"@type\":\"BreadcrumbList\",\"@id\":\"https:\/\/inezita.pt\/es\/return\/#breadcrumb\",\"itemListElement\":[{\"@type\":\"ListItem\",\"position\":1,\"name\":\"Home\",\"item\":\"https:\/\/inezita.pt\/\"},{\"@type\":\"ListItem\",\"position\":2,\"name\":\"Returns &amp; Exchanges\"}]},{\"@type\":\"WebSite\",\"@id\":\"http:\/\/inezita.pt\/en\/#website\",\"url\":\"http:\/\/inezita.pt\/en\/\",\"name\":\"inezita\",\"description\":\"\",\"publisher\":{\"@id\":\"http:\/\/inezita.pt\/en\/#organization\"},\"potentialAction\":[{\"@type\":\"SearchAction\",\"target\":{\"@type\":\"EntryPoint\",\"urlTemplate\":\"http:\/\/inezita.pt\/en\/?s={search_term_string}\"},\"query-input\":{\"@type\":\"PropertyValueSpecification\",\"valueRequired\":true,\"valueName\":\"search_term_string\"}}],\"inLanguage\":\"pt-PT\"},{\"@type\":\"Organization\",\"@id\":\"http:\/\/inezita.pt\/en\/#organization\",\"name\":\"inezita\",\"url\":\"http:\/\/inezita.pt\/en\/\",\"logo\":{\"@type\":\"ImageObject\",\"inLanguage\":\"pt-PT\",\"@id\":\"http:\/\/inezita.pt\/en\/#\/schema\/logo\/image\/\",\"url\":\"https:\/\/inezita.pt\/wp-content\/uploads\/2025\/11\/cropped-logo.jpg\",\"contentUrl\":\"https:\/\/inezita.pt\/wp-content\/uploads\/2025\/11\/cropped-logo.jpg\",\"width\":500,\"height\":160,\"caption\":\"inezita\"},\"image\":{\"@id\":\"http:\/\/inezita.pt\/en\/#\/schema\/logo\/image\/\"},\"sameAs\":[\"https:\/\/www.instagram.com\/inezita.pt\/\"],\"publishingPrinciples\":\"https:\/\/inezita.pt\/en\/privacy-policy\/\"}]}<\/script>\n<!-- \/ Yoast SEO Premium plugin. -->","yoast_head_json":{"title":"Returns &amp; Exchanges - inezita","robots":{"index":"index","follow":"follow","max-snippet":"max-snippet:-1","max-image-preview":"max-image-preview:large","max-video-preview":"max-video-preview:-1"},"canonical":"https:\/\/inezita.pt\/pt\/return\/","og_locale":"pt_PT","og_type":"article","og_title":"Returns &amp; Exchanges","og_description":"Returns must be validated by our customer support team. All returns must be sent with the original packaging as received. Your name Your email Your order id","og_url":"https:\/\/inezita.pt\/pt\/return\/","og_site_name":"inezita","article_modified_time":"2025-12-01T11:06:57+00:00","twitter_card":"summary_large_image","schema":{"@context":"https:\/\/schema.org","@graph":[{"@type":"WebPage","@id":"https:\/\/inezita.pt\/es\/return\/","url":"https:\/\/inezita.pt\/es\/return\/","name":"Returns &amp; Exchanges - inezita","isPartOf":{"@id":"http:\/\/inezita.pt\/en\/#website"},"datePublished":"2025-11-09T16:06:37+00:00","dateModified":"2025-12-01T11:06:57+00:00","breadcrumb":{"@id":"https:\/\/inezita.pt\/es\/return\/#breadcrumb"},"inLanguage":"pt-PT","potentialAction":[{"@type":"ReadAction","target":["https:\/\/inezita.pt\/es\/return\/"]}]},{"@type":"BreadcrumbList","@id":"https:\/\/inezita.pt\/es\/return\/#breadcrumb","itemListElement":[{"@type":"ListItem","position":1,"name":"Home","item":"https:\/\/inezita.pt\/"},{"@type":"ListItem","position":2,"name":"Returns &amp; Exchanges"}]},{"@type":"WebSite","@id":"http:\/\/inezita.pt\/en\/#website","url":"http:\/\/inezita.pt\/en\/","name":"inezita","description":"","publisher":{"@id":"http:\/\/inezita.pt\/en\/#organization"},"potentialAction":[{"@type":"SearchAction","target":{"@type":"EntryPoint","urlTemplate":"http:\/\/inezita.pt\/en\/?s={search_term_string}"},"query-input":{"@type":"PropertyValueSpecification","valueRequired":true,"valueName":"search_term_string"}}],"inLanguage":"pt-PT"},{"@type":"Organization","@id":"http:\/\/inezita.pt\/en\/#organization","name":"inezita","url":"http:\/\/inezita.pt\/en\/","logo":{"@type":"ImageObject","inLanguage":"pt-PT","@id":"http:\/\/inezita.pt\/en\/#\/schema\/logo\/image\/","url":"https:\/\/inezita.pt\/wp-content\/uploads\/2025\/11\/cropped-logo.jpg","contentUrl":"https:\/\/inezita.pt\/wp-content\/uploads\/2025\/11\/cropped-logo.jpg","width":500,"height":160,"caption":"inezita"},"image":{"@id":"http:\/\/inezita.pt\/en\/#\/schema\/logo\/image\/"},"sameAs":["https:\/\/www.instagram.com\/inezita.pt\/"],"publishingPrinciples":"https:\/\/inezita.pt\/en\/privacy-policy\/"}]}},"_links":{"self":[{"href":"https:\/\/inezita.pt\/pt\/wp-json\/wp\/v2\/pages\/312","targetHints":{"allow":["GET"]}}],"collection":[{"href":"https:\/\/inezita.pt\/pt\/wp-json\/wp\/v2\/pages"}],"about":[{"href":"https:\/\/inezita.pt\/pt\/wp-json\/wp\/v2\/types\/page"}],"author":[{"embeddable":true,"href":"https:\/\/inezita.pt\/pt\/wp-json\/wp\/v2\/users\/1"}],"replies":[{"embeddable":true,"href":"https:\/\/inezita.pt\/pt\/wp-json\/wp\/v2\/comments?post=312"}],"version-history":[{"count":0,"href":"https:\/\/inezita.pt\/pt\/wp-json\/wp\/v2\/pages\/312\/revisions"}],"wp:attachment":[{"href":"https:\/\/inezita.pt\/pt\/wp-json\/wp\/v2\/media?parent=312"}],"curies":[{"name":"wp","href":"https:\/\/api.w.org\/{rel}","templated":true}]}}