{"id":624,"date":"2025-11-25T00:01:02","date_gmt":"2025-11-25T00:01:02","guid":{"rendered":"https:\/\/inezita.pt\/?post_type=product&#038;p=624"},"modified":"2026-01-21T10:32:50","modified_gmt":"2026-01-21T10:32:50","slug":"mala-41","status":"publish","type":"product","link":"https:\/\/inezita.pt\/pt\/shop\/bags\/floral-inezita\/mala-41\/","title":{"rendered":"Scarlet Bamboo Rose"},"content":{"rendered":"<p><span style=\"font-weight: 400;\">Uma pe\u00e7a de presen\u00e7a inesquec\u00edvel que combina de forma poderosa o vermelho profundo da rosa com a naturalidade do bamboo.<\/span><\/p>","protected":false},"excerpt":{"rendered":"<p>Uma pe\u00e7a de presen\u00e7a inesquec\u00edvel que combina de forma poderosa o vermelho profundo da rosa com a naturalidade do bamboo.<\/p>","protected":false},"featured_media":625,"comment_status":"closed","ping_status":"closed","template":"","meta":{"slim_seo":{"title":"Scarlet Bamboo Rose - inezita","description":"Uma pe\u00e7a de presen\u00e7a inesquec\u00edvel que combina de forma poderosa o vermelho profundo da rosa com a naturalidade do bamboo."},"_joinchat":[]},"product_brand":[],"product_cat":[24,43],"product_tag":[],"class_list":{"0":"post-624","1":"product","2":"type-product","3":"status-publish","4":"has-post-thumbnail","6":"product_cat-bags","7":"product_cat-floral-inezita","9":"first","10":"outofstock","11":"sold-individually","12":"taxable","13":"shipping-taxable","14":"purchasable","15":"product-type-simple"},"_links":{"self":[{"href":"https:\/\/inezita.pt\/pt\/wp-json\/wp\/v2\/product\/624","targetHints":{"allow":["GET"]}}],"collection":[{"href":"https:\/\/inezita.pt\/pt\/wp-json\/wp\/v2\/product"}],"about":[{"href":"https:\/\/inezita.pt\/pt\/wp-json\/wp\/v2\/types\/product"}],"replies":[{"embeddable":true,"href":"https:\/\/inezita.pt\/pt\/wp-json\/wp\/v2\/comments?post=624"}],"wp:featuredmedia":[{"embeddable":true,"href":"https:\/\/inezita.pt\/pt\/wp-json\/wp\/v2\/media\/625"}],"wp:attachment":[{"href":"https:\/\/inezita.pt\/pt\/wp-json\/wp\/v2\/media?parent=624"}],"wp:term":[{"taxonomy":"product_brand","embeddable":true,"href":"https:\/\/inezita.pt\/pt\/wp-json\/wp\/v2\/product_brand?post=624"},{"taxonomy":"product_cat","embeddable":true,"href":"https:\/\/inezita.pt\/pt\/wp-json\/wp\/v2\/product_cat?post=624"},{"taxonomy":"product_tag","embeddable":true,"href":"https:\/\/inezita.pt\/pt\/wp-json\/wp\/v2\/product_tag?post=624"}],"curies":[{"name":"wp","href":"https:\/\/api.w.org\/{rel}","templated":true}]}}